{"id":465,"date":"2012-07-31T11:04:09","date_gmt":"2012-07-31T11:04:09","guid":{"rendered":"http:\/\/www.blog.czytio.pl\/?page_id=465"},"modified":"2025-03-27T12:31:29","modified_gmt":"2025-03-27T11:31:29","slug":"kontakt","status":"publish","type":"page","link":"https:\/\/czytio.pl\/blog\/kontakt\/","title":{"rendered":"Kontakt"},"content":{"rendered":"<p>Blog czytio.pl jest cz\u0119\u015bci\u0105 firmy 71media z siedzib\u0105 we Wroc\u0142awiu.<\/p>\n<p>Nasze biuro znajduje si\u0119 na ul. Ostrowskiego 13b.<\/p>\n<p>Blog prowadzony jest przez pracownik\u00f3w sklepu.<\/p>\n<p>Zapraszamy do odwiedzenia naszego sklepu <a title=\"czytio.pl\" href=\"https:\/\/czytio.pl\" target=\"_blank\" rel=\"noopener\">www.czytio.pl<\/a> i kontaktu z nami poprzez formularz dost\u0119pny na stronie.<\/p>\n","protected":false},"excerpt":{"rendered":"<p>Blog czytio.pl jest cz\u0119\u015bci\u0105 firmy 71media z siedzib\u0105 we Wroc\u0142awiu. Nasze biuro znajduje si\u0119 na ul. Ostrowskiego 13b. Blog prowadzony jest przez pracownik\u00f3w sklepu. Zapraszamy do odwiedzenia naszego sklepu www.czytio.pl i kontaktu z nami poprzez formularz dost\u0119pny na stronie.<\/p>\n","protected":false},"author":1,"featured_media":0,"parent":0,"menu_order":0,"comment_status":"closed","ping_status":"closed","template":"","meta":{"footnotes":""},"class_list":["post-465","page","type-page","status-publish","hentry"],"aioseo_notices":[],"_links":{"self":[{"href":"https:\/\/czytio.pl\/blog\/wp-json\/wp\/v2\/pages\/465","targetHints":{"allow":["GET"]}}],"collection":[{"href":"https:\/\/czytio.pl\/blog\/wp-json\/wp\/v2\/pages"}],"about":[{"href":"https:\/\/czytio.pl\/blog\/wp-json\/wp\/v2\/types\/page"}],"author":[{"embeddable":true,"href":"https:\/\/czytio.pl\/blog\/wp-json\/wp\/v2\/users\/1"}],"replies":[{"embeddable":true,"href":"https:\/\/czytio.pl\/blog\/wp-json\/wp\/v2\/comments?post=465"}],"version-history":[{"count":5,"href":"https:\/\/czytio.pl\/blog\/wp-json\/wp\/v2\/pages\/465\/revisions"}],"predecessor-version":[{"id":14670,"href":"https:\/\/czytio.pl\/blog\/wp-json\/wp\/v2\/pages\/465\/revisions\/14670"}],"wp:attachment":[{"href":"https:\/\/czytio.pl\/blog\/wp-json\/wp\/v2\/media?parent=465"}],"curies":[{"name":"wp","href":"https:\/\/api.w.org\/{rel}","templated":true}]}}